{"id":35,"date":"2014-08-29T02:09:43","date_gmt":"2014-08-29T02:09:43","guid":{"rendered":"http:\/\/wp\/?page_id=35"},"modified":"2026-02-04T18:43:27","modified_gmt":"2026-02-04T18:43:27","slug":"kontakt","status":"publish","type":"page","link":"https:\/\/bilzprodukte.de\/index.php\/kontakt\/","title":{"rendered":"Kontakt"},"content":{"rendered":"\n<style type=\"text\/css\" data-created_by=\"avia_inline_auto\" id=\"style-css-av-3dsin-fa69584a2841cf63d0ddde6dadfbb3f4\">\n.avia-section.av-3dsin-fa69584a2841cf63d0ddde6dadfbb3f4{\nbackground-color:#000000;\nbackground-image:url(https:\/\/bilzprodukte.de\/wp-content\/uploads\/2026\/01\/header.jpg);\nbackground-repeat:no-repeat;\nbackground-position:50% 50%;\nbackground-attachment:scroll;\n}\n.avia-section.av-3dsin-fa69584a2841cf63d0ddde6dadfbb3f4 .av-section-color-overlay{\nopacity:0.5;\nbackground-color:#000000;\n}\n<\/style>\n<div id='av_section_1'  class='avia-section av-3dsin-fa69584a2841cf63d0ddde6dadfbb3f4 main_color avia-section-no-padding avia-no-border-styling  avia-builder-el-0  el_before_av_section  avia-builder-el-first  avia-full-stretch avia-bg-style-scroll av-section-color-overlay-active av-minimum-height av-minimum-height-custom av-height-custom  container_wrap sidebar_right'  data-section-bg-repeat='stretch' data-av_minimum_height_px='475'><div class=\"av-section-color-overlay-wrap\"><div class=\"av-section-color-overlay\"><\/div><div class='container av-section-cont-open' style='height:475px'><main  role=\"main\" itemprop=\"mainContentOfPage\"  class='template-page content  av-content-small alpha units'><div class='post-entry post-entry-type-page post-entry-35'><div class='entry-content-wrapper clearfix'>\n\n<style type=\"text\/css\" data-created_by=\"avia_inline_auto\" id=\"style-css-av-2y1mb-6ab04cf1b57b526cf71fb8ffb124a869\">\n\n@media only screen and (min-width: 480px) and (max-width: 767px){ \n.flex_column.av-2y1mb-6ab04cf1b57b526cf71fb8ffb124a869{\npadding:100px 0 0 0;\n}\n}\n\n@media only screen and (max-width: 479px){ \n.flex_column.av-2y1mb-6ab04cf1b57b526cf71fb8ffb124a869{\npadding:100px 0 0 0;\n}\n}\n<\/style>\n<div  class='flex_column av-2y1mb-6ab04cf1b57b526cf71fb8ffb124a869 av_one_fifth  avia-builder-el-1  el_before_av_three_fifth  avia-builder-el-first  first flex_column_div  '     ><\/div><div  class='flex_column av-23e2j-f8c2740f4fc7d0967f48b0d49ca23b0c av_three_fifth  avia-builder-el-2  el_after_av_one_fifth  el_before_av_one_fifth  flex_column_div  '     ><style type=\"text\/css\" data-created_by=\"avia_inline_auto\" id=\"style-css-av-ml43qrgj-8e464ea16730bd03502f2f9cb3bef1a1\">\n#top .av-special-heading.av-ml43qrgj-8e464ea16730bd03502f2f9cb3bef1a1{\npadding-bottom:40px;\ncolor:#ffffff;\nfont-size:72px;\n}\nbody .av-special-heading.av-ml43qrgj-8e464ea16730bd03502f2f9cb3bef1a1 .av-special-heading-tag .heading-char{\nfont-size:25px;\n}\n#top #wrap_all .av-special-heading.av-ml43qrgj-8e464ea16730bd03502f2f9cb3bef1a1 .av-special-heading-tag{\nfont-size:72px;\n}\n.av-special-heading.av-ml43qrgj-8e464ea16730bd03502f2f9cb3bef1a1 .special-heading-inner-border{\nborder-color:#ffffff;\n}\n.av-special-heading.av-ml43qrgj-8e464ea16730bd03502f2f9cb3bef1a1 .av-subheading{\nfont-size:20px;\n}\n\n@media only screen and (min-width: 480px) and (max-width: 767px){ \n#top #wrap_all .av-special-heading.av-ml43qrgj-8e464ea16730bd03502f2f9cb3bef1a1 .av-special-heading-tag{\nfont-size:0.8em;\n}\n}\n\n@media only screen and (max-width: 479px){ \n#top #wrap_all .av-special-heading.av-ml43qrgj-8e464ea16730bd03502f2f9cb3bef1a1 .av-special-heading-tag{\nfont-size:0.8em;\n}\n}\n<\/style>\n<div  class='av-special-heading av-ml43qrgj-8e464ea16730bd03502f2f9cb3bef1a1 av-special-heading-h2 custom-color-heading blockquote modern-quote modern-centered  avia-builder-el-3  avia-builder-el-no-sibling  av-inherit-size'><h2 class='av-special-heading-tag '  itemprop=\"headline\"  >Kontakt<\/h2><div class='av_custom_color av-subheading av-subheading_below'><p>Gemeinsam Gesundheit gestalten<\/p>\n<\/div><div class=\"special-heading-border\"><div class=\"special-heading-inner-border\"><\/div><\/div><\/div><\/div><div  class='flex_column av-1idnz-1e350e6a50a1f200fc01fa2c36e1d85b av_one_fifth  avia-builder-el-4  el_after_av_three_fifth  el_before_av_hr  flex_column_div  '     ><\/div>\n<style type=\"text\/css\" data-created_by=\"avia_inline_auto\" id=\"style-css-av-txkn-c89690eafac34989250bbd6f8e1f0cb8\">\n#top .hr.hr-invisible.av-txkn-c89690eafac34989250bbd6f8e1f0cb8{\nheight:100px;\n}\n<\/style>\n<div  class='hr av-txkn-c89690eafac34989250bbd6f8e1f0cb8 hr-invisible  avia-builder-el-5  el_after_av_one_fifth  avia-builder-el-last '><span class='hr-inner '><span class=\"hr-inner-style\"><\/span><\/span><\/div>\n\n<\/div><\/div><\/main><!-- close content main element --><\/div><\/div><\/div>\n<style type=\"text\/css\" data-created_by=\"avia_inline_auto\" id=\"style-css-av-8acm3-909d910cbdce696394b6321ab1dbfc33\">\n.avia-section.av-8acm3-909d910cbdce696394b6321ab1dbfc33{\nbackground-color:#f8f8f8;\nbackground-image:unset;\n}\n.avia-section.av-8acm3-909d910cbdce696394b6321ab1dbfc33 .av-extra-border-element .av-extra-border-inner{\nbackground-color:#f8f8f8;\n}\n<\/style>\n<div id='av_section_2'  class='avia-section av-8acm3-909d910cbdce696394b6321ab1dbfc33 main_color avia-section-no-padding avia-no-border-styling  avia-builder-el-6  el_after_av_section  el_before_av_layout_row  avia-bg-style-scroll av-arrow-down-section av-minimum-height av-minimum-height-custom av-height-custom  container_wrap sidebar_right'   data-av_minimum_height_px='200'><div class='container av-section-cont-open' style='height:200px'><div class='template-page content  av-content-small alpha units'><div class='post-entry post-entry-type-page post-entry-35'><div class='entry-content-wrapper clearfix'>\n\n<style type=\"text\/css\" data-created_by=\"avia_inline_auto\" id=\"style-css-av-mkmz9jsa-6431085d5a0ba177a85c9af29b2383c4\">\n#top .av_textblock_section.av-mkmz9jsa-6431085d5a0ba177a85c9af29b2383c4 .avia_textblock{\nfont-size:20px;\n}\n<\/style>\n<section  class='av_textblock_section av-mkmz9jsa-6431085d5a0ba177a85c9af29b2383c4 '   itemscope=\"itemscope\" itemtype=\"https:\/\/schema.org\/CreativeWork\" ><div class='avia_textblock'  itemprop=\"text\" ><p style=\"text-align: center;\">Sie interessieren sich f\u00fcr die Bilz-Idee, m\u00f6chten mehr \u00fcber unsere Projekte erfahren oder aktiv Teil der Bilz-Bewegung werden? Wir freuen uns \u00fcber Ihr Interesse und den pers\u00f6nlichen Austausch. Ob als B\u00fcrgerin oder B\u00fcrger, Kommune, Bildungseinrichtung, touristischer Partner oder regionaler Produzent, gemeinsam f\u00f6rdern wir Gesundheit dem Menschen zum Wohle.<\/p>\n<\/div><\/section>\n\n<\/div><\/div><\/div><!-- close content main div --><\/div><div class='av-extra-border-element border-extra-arrow-down'><div class='av-extra-border-outer'><div class='av-extra-border-inner'><\/div><\/div><\/div><\/div><div id='av-layout-grid-1'  class='av-layout-grid-container av-o2b3-dcc040f802c6babba7afb8405975a0ba entry-content-wrapper main_color av-flex-cells  avia-builder-el-8  el_after_av_section  el_before_av_section  grid-row-not-first  container_wrap sidebar_right'  >\n\n<style type=\"text\/css\" data-created_by=\"avia_inline_auto\" id=\"style-css-av-647nf-37775942d3174d1c9544a6f281271dbf\">\n.flex_cell.av-647nf-37775942d3174d1c9544a6f281271dbf{\nvertical-align:top;\n}\n.responsive #top #wrap_all .flex_cell.av-647nf-37775942d3174d1c9544a6f281271dbf{\npadding:60px 60px 60px 60px !important;\n}\n<\/style>\n<div class='flex_cell av-647nf-37775942d3174d1c9544a6f281271dbf av-gridrow-cell av_one_half no_margin  avia-builder-el-9  el_before_av_cell_one_half  avia-builder-el-first  content-align-top'  ><div class='flex_cell_inner'><p>\n<style type=\"text\/css\" data-created_by=\"avia_inline_auto\" id=\"style-css-av-mkn0p7ql-fbec2f9aabadf22c18a2e535a8014117\">\n.av_font_icon.av-mkn0p7ql-fbec2f9aabadf22c18a2e535a8014117 .av-icon-char{\nfont-size:100px;\n}\n<\/style>\n<span  class='av_font_icon av-mkn0p7ql-fbec2f9aabadf22c18a2e535a8014117 avia_animate_when_visible av-icon-style- avia-icon-pos-center avia-svg-icon avia-font-svg_entypo-fontello av-no-color avia-icon-animate'><span class='av-icon-char' data-av_svg_icon='mail' data-av_iconset='svg_entypo-fontello' ><svg version=\"1.1\" xmlns=\"http:\/\/www.w3.org\/2000\/svg\" width=\"29\" height=\"32\" viewBox=\"0 0 29 32\" preserveAspectRatio=\"xMidYMid meet\" aria-labelledby='av-svg-title-1' aria-describedby='av-svg-desc-1' role=\"graphics-symbol\" aria-hidden=\"true\">\n<title id='av-svg-title-1'>Mail<\/title>\n<desc id='av-svg-desc-1'>Mail<\/desc>\n<path d=\"M0.96 8.448q-1.024-0.576-0.896-1.28 0.064-0.448 0.832-0.448h27.072q1.216 0 0.64 1.024-0.256 0.448-0.768 0.704-0.448 0.192-6.144 3.264t-5.824 3.136q-0.512 0.32-1.472 0.32-0.896 0-1.472-0.32-0.128-0.064-5.824-3.136t-6.144-3.264zM28.16 11.648q0.64-0.32 0.64 0.32v11.776q0 0.512-0.544 1.024t-1.056 0.512h-25.6q-0.512 0-1.056-0.512t-0.544-1.024v-11.776q0-0.64 0.64-0.32l12.288 6.4q0.576 0.32 1.472 0.32t1.472-0.32z\"><\/path>\n<\/svg><\/span><\/span><br \/>\n\n<style type=\"text\/css\" data-created_by=\"avia_inline_auto\" id=\"style-css-av-mkn0qdqi-41efe70e0a5e935d7f864838e4fc9442\">\n#top .hr.hr-invisible.av-mkn0qdqi-41efe70e0a5e935d7f864838e4fc9442{\nheight:50px;\n}\n<\/style>\n<div  class='hr av-mkn0qdqi-41efe70e0a5e935d7f864838e4fc9442 hr-invisible  avia-builder-el-11  el_after_av_font_icon  el_before_av_heading '><span class='hr-inner '><span class=\"hr-inner-style\"><\/span><\/span><\/div><br \/>\n\n<style type=\"text\/css\" data-created_by=\"avia_inline_auto\" id=\"style-css-av-mkoj80eq-6fd6e6d0935d68f9fd396cb8fda22489\">\n#top .av-special-heading.av-mkoj80eq-6fd6e6d0935d68f9fd396cb8fda22489{\npadding-bottom:10px;\n}\nbody .av-special-heading.av-mkoj80eq-6fd6e6d0935d68f9fd396cb8fda22489 .av-special-heading-tag .heading-char{\nfont-size:25px;\n}\n.av-special-heading.av-mkoj80eq-6fd6e6d0935d68f9fd396cb8fda22489 .av-subheading{\nfont-size:15px;\n}\n\n@media only screen and (max-width: 479px){ \n#top #wrap_all .av-special-heading.av-mkoj80eq-6fd6e6d0935d68f9fd396cb8fda22489 .av-special-heading-tag{\nfont-size:60px;\n}\n}\n<\/style>\n<div  class='av-special-heading av-mkoj80eq-6fd6e6d0935d68f9fd396cb8fda22489 av-special-heading-h2 blockquote modern-quote modern-centered  avia-builder-el-12  el_after_av_hr  el_before_av_textblock '><h2 class='av-special-heading-tag '  itemprop=\"headline\"  >Ihr Anliegen<\/h2><div class=\"special-heading-border\"><div class=\"special-heading-inner-border\"><\/div><\/div><\/div><br \/>\n<section  class='av_textblock_section av-hhvz-2fc98ebf88c86c4d46f6057bf799084d '   itemscope=\"itemscope\" itemtype=\"https:\/\/schema.org\/CreativeWork\" ><div class='avia_textblock'  itemprop=\"text\" ><p style=\"text-align: center;\">Nutzen Sie den Kontakt zu uns, wenn Sie:<\/p>\n<ul>\n<li style=\"list-style-type: none;\">\n<ul>\n<li style=\"list-style-type: none;\">\n<ul>\n<li style=\"list-style-type: none;\"><\/li>\n<\/ul>\n<\/li>\n<li style=\"text-align: left;\">Fragen zur Bilz-Tradition und zur Gesundheitslehre von Friedrich Eduard Bilz haben<\/li>\n<li style=\"text-align: left;\">sich f\u00fcr die Bilz-Region, Erlebniswege oder Projekte interessieren<\/li>\n<li style=\"text-align: left;\">Partner, F\u00f6rderer oder Lizenznehmer der Marke Bilz werden m\u00f6chten<\/li>\n<li style=\"text-align: left;\">Bildungs-, Tourismus- oder Gesundheitsprojekte gemeinsam entwickeln wollen<\/li>\n<li style=\"text-align: left;\">Informationsmaterial, Brosch\u00fcren oder Fachausk\u00fcnfte ben\u00f6tigen<\/li>\n<\/ul>\n<\/li>\n<\/ul>\n<\/div><\/section><\/p>\n<\/div><\/div>\n<style type=\"text\/css\" data-created_by=\"avia_inline_auto\" id=\"style-css-av-24g17-97579956e7542063f39382c2d82e8ada\">\n.flex_cell.av-24g17-97579956e7542063f39382c2d82e8ada{\nvertical-align:top;\n}\n.responsive #top #wrap_all .flex_cell.av-24g17-97579956e7542063f39382c2d82e8ada{\npadding:60px 60px 60px 60px !important;\n}\n<\/style>\n<div class='flex_cell av-24g17-97579956e7542063f39382c2d82e8ada av-gridrow-cell av_one_half no_margin  avia-builder-el-14  el_after_av_cell_one_half  avia-builder-el-last  content-align-top'  ><div class='flex_cell_inner'><p>\n<style type=\"text\/css\" data-created_by=\"avia_inline_auto\" id=\"style-css-av-mkn0xcjr-f5880da02c1ba8204880db207f8c07bc\">\n#top .hr.hr-invisible.av-mkn0xcjr-f5880da02c1ba8204880db207f8c07bc{\nheight:100px;\n}\n<\/style>\n<div  class='hr av-mkn0xcjr-f5880da02c1ba8204880db207f8c07bc hr-invisible  avia-builder-el-15  el_before_av_textblock  avia-builder-el-first '><span class='hr-inner '><span class=\"hr-inner-style\"><\/span><\/span><\/div><br \/>\n<section  class='av_textblock_section av-mkn0vzoi-88026097ed67af46b841d14274a6a292 '   itemscope=\"itemscope\" itemtype=\"https:\/\/schema.org\/CreativeWork\" ><div class='avia_textblock'  itemprop=\"text\" ><p>Der verantwortungsvolle Umgang mit Ihren Daten ist f\u00fcr uns selbstverst\u00e4ndlich. Ihre Angaben werden ausschlie\u00dflich zur Bearbeitung Ihrer Anfrage verwendet und nicht an Dritte weitergegeben.\u00a0Weitere Informationen finden Sie in unserer <strong>Datenschutzerkl\u00e4rung<\/strong>.<\/p>\n<\/div><\/section><br \/>\n<form action=\"https:\/\/bilzprodukte.de\/index.php\/kontakt\/\" method=\"post\" data-fields-with-error=\"Fehler wurden in folgenden Feld(ern) gefunden:\" class=\"avia_ajax_form av-form-labels-visible   avia-builder-el-17  el_after_av_textblock  avia-builder-el-last   \" data-avia-form-id=\"1\" data-avia-redirect=''  aria-label='Kontaktformular' ><fieldset><p class='  first_form  form_element form_element_half' id='element_avia_1_1'><label for=\"avia_1_1\">Name <abbr class=\"required\" title=\"ben\u00f6tigt\">*<\/abbr><\/label> <input name=\"avia_1_1\" class=\"text_input is_empty\" type=\"text\" id=\"avia_1_1\" value=\"\" \/><\/p><p class='  form_element form_element_half' id='element_avia_2_1'><label for=\"avia_2_1\">E-Mail <abbr class=\"required\" title=\"ben\u00f6tigt\">*<\/abbr><\/label> <input name=\"avia_2_1\" class=\"text_input is_email\" type=\"text\" id=\"avia_2_1\" value=\"\" \/><\/p><p class='  first_form  form_element form_element_half' id='element_avia_3_1'><input  name=\"avia_3_1\" class=\"input_checkbox \" type=\"checkbox\" id=\"avia_3_1\" value=\"true\"\/><label class=\"input_checkbox_label\" for=\"avia_3_1\">Anfrage privat<\/label><\/p><p class='  form_element form_element_half' id='element_avia_4_1'><input  name=\"avia_4_1\" class=\"input_checkbox \" type=\"checkbox\" id=\"avia_4_1\" value=\"true\"\/><label class=\"input_checkbox_label\" for=\"avia_4_1\">Anfrage gesch\u00e4ftlich<\/label><\/p><p class='  first_form  form_element form_fullwidth' id='element_avia_5_1'><label for=\"avia_5_1\" class=\"textare_label hidden textare_label_avia_5_1\">Nachricht <abbr class=\"required\" title=\"ben\u00f6tigt\">*<\/abbr><\/label><textarea  name=\"avia_5_1\" class=\"text_area is_empty\" cols=\"40\" rows=\"7\" id=\"avia_5_1\" ><\/textarea><\/p><p class=\"hidden\"><input type=\"text\" name=\"avia_6_1\" class=\"hidden \" id=\"avia_6_1\" value=\"\" \/><\/p><p class='   form_element form_fullwidth' id='element_avia_7_1'><span class='value_verifier_label'>5 + 2 = ?<\/span><input name=\"avia_7_1_verifier\" type=\"hidden\" id=\"avia_7_1_verifier\" value=\"774375544\"\/><label for=\"avia_7_1\">Bitte l\u00f6se die Gleichung. Diese Ma\u00dfnahme dient der Abwehr von Spam <abbr class=\"required\" title=\"ben\u00f6tigt\">*<\/abbr><\/label><input name=\"avia_7_1\" class=\"text_input captcha\" type=\"text\" id=\"avia_7_1\" value=\"\"\/><\/p><p class=\"form_element \"><input type=\"hidden\" value=\"1\" name=\"avia_generated_form1\" \/><input type=\"submit\" value=\"Senden\" class=\"button\"  data-sending-label=\"Sende\"\/><\/p><\/fieldset><\/form><div id=\"ajaxresponse_1\" class=\"ajaxresponse ajaxresponse_1 hidden\"><\/div><\/p>\n<\/div><\/div><\/div>\n<style type=\"text\/css\" data-created_by=\"avia_inline_auto\" id=\"style-css-av-mkn1ekio-3e4ca6ed6e42f949e6f5aca4caaaa34c\">\n.avia-section.av-mkn1ekio-3e4ca6ed6e42f949e6f5aca4caaaa34c .av-extra-border-element .av-extra-border-inner{\nbackground-color:#ffffff;\n}\n<\/style>\n<div id='av_section_3'  class='avia-section av-mkn1ekio-3e4ca6ed6e42f949e6f5aca4caaaa34c main_color avia-section-default avia-no-border-styling  avia-builder-el-18  el_after_av_layout_row  el_before_av_button_big  avia-bg-style-scroll av-arrow-down-section av-minimum-height av-minimum-height-custom av-height-custom  container_wrap sidebar_right'   data-av_minimum_height_px='10'><div class='container av-section-cont-open' style='height:10px'><div class='template-page content  av-content-small alpha units'><div class='post-entry post-entry-type-page post-entry-35'><div class='entry-content-wrapper clearfix'><\/p>\n<div  class='avia-button-wrap avia-button-center  avia-builder-el-19  el_after_av_section  avia-builder-el-last '>\n<style type=\"text\/css\" data-created_by=\"avia_inline_auto\" id=\"style-css-av-mkn1cuxt-59d54e89b4c78630c388bea261a348ae\">\n#top #wrap_all .avia-button.av-mkn1cuxt-59d54e89b4c78630c388bea261a348ae{\nbackground-color:#84754e;\nborder-color:#84754e;\ntransition:all 0.4s ease-in-out;\n}\n#top #wrap_all .avia-button.av-mkn1cuxt-59d54e89b4c78630c388bea261a348ae:hover{\nbackground-color:#444444;\ncolor:white;\ntransition:all 0.4s ease-in-out;\n}\n#top #wrap_all .avia-button.av-mkn1cuxt-59d54e89b4c78630c388bea261a348ae:hover .avia-svg-icon svg:first-child{\nfill:white;\nstroke:white;\n}\n<\/style>\n<a href='https:\/\/bilzprodukte.de\/index.php\/kontakt\/' class='av-icon-on-hover avia-font-color-theme-color avia-button avia-button-fullwidth av-mkn1cuxt-59d54e89b4c78630c388bea261a348ae avia-icon_select-yes-right-icon avia-color-custom'   aria-label=\"Partner &amp; Kooperationen\"><span class='avia_iconbox_title' >Partner & Kooperationen<\/span><span class='avia_button_icon avia_button_icon_right avia-iconfont avia-font-entypo-fontello' data-av_icon='\ue805' data-av_iconfont='entypo-fontello' ><\/span><div class='av-button-description av-button-description-below'><p>Sie m\u00f6chten sich aktiv einbringen oder mit uns kooperieren?<\/p>\n<p>Die Bilz-Initiative lebt von starken regionalen und inhaltlichen Partnerschaften, aus den Bereichen:<\/p>\n<p>Kommunen und \u00f6ffentliche Einrichtungen, Bildung (Schulen, Kinderg\u00e4rten, Hochschulen), Gesundheit, Pr\u00e4vention und Bewegung, Tourismus, Kultur und Regionalentwicklung,<br \/>\nRegionale Produzenten und Dienstleister<\/p>\n<p>Sprechen Sie uns an, wir entwickeln gemeinsam passende Formen der Zusammenarbeit.<\/p>\n<\/div><\/a><\/div>\n","protected":false},"excerpt":{"rendered":"","protected":false},"author":1,"featured_media":0,"parent":0,"menu_order":0,"comment_status":"open","ping_status":"closed","template":"","meta":{"footnotes":""},"class_list":["post-35","page","type-page","status-publish","hentry"],"yoast_head":"<!-- This site is optimized with the Yoast SEO plugin v27.3 - https:\/\/yoast.com\/product\/yoast-seo-wordpress\/ -->\n<title>Kontakt - Bilzprodukte<\/title>\n<meta name=\"robots\" content=\"index, follow, max-snippet:-1, max-image-preview:large, max-video-preview:-1\" \/>\n<link rel=\"canonical\" href=\"https:\/\/bilzprodukte.de\/index.php\/kontakt\/\" \/>\n<meta property=\"og:locale\" content=\"de_DE\" \/>\n<meta property=\"og:type\" content=\"article\" \/>\n<meta property=\"og:title\" content=\"Kontakt - Bilzprodukte\" \/>\n<meta property=\"og:url\" content=\"https:\/\/bilzprodukte.de\/index.php\/kontakt\/\" \/>\n<meta property=\"og:site_name\" content=\"Bilzprodukte\" \/>\n<meta property=\"article:modified_time\" content=\"2026-02-04T18:43:27+00:00\" \/>\n<meta name=\"twitter:card\" content=\"summary_large_image\" \/>\n<meta name=\"twitter:label1\" content=\"Gesch\u00e4tzte Lesezeit\" \/>\n\t<meta name=\"twitter:data1\" content=\"2\u00a0Minuten\" \/>\n<script type=\"application\/ld+json\" class=\"yoast-schema-graph\">{\"@context\":\"https:\\\/\\\/schema.org\",\"@graph\":[{\"@type\":\"WebPage\",\"@id\":\"https:\\\/\\\/bilzprodukte.de\\\/index.php\\\/kontakt\\\/\",\"url\":\"https:\\\/\\\/bilzprodukte.de\\\/index.php\\\/kontakt\\\/\",\"name\":\"Kontakt - Bilzprodukte\",\"isPartOf\":{\"@id\":\"https:\\\/\\\/bilzprodukte.de\\\/#website\"},\"datePublished\":\"2014-08-29T02:09:43+00:00\",\"dateModified\":\"2026-02-04T18:43:27+00:00\",\"breadcrumb\":{\"@id\":\"https:\\\/\\\/bilzprodukte.de\\\/index.php\\\/kontakt\\\/#breadcrumb\"},\"inLanguage\":\"de\",\"potentialAction\":[{\"@type\":\"ReadAction\",\"target\":[\"https:\\\/\\\/bilzprodukte.de\\\/index.php\\\/kontakt\\\/\"]}]},{\"@type\":\"BreadcrumbList\",\"@id\":\"https:\\\/\\\/bilzprodukte.de\\\/index.php\\\/kontakt\\\/#breadcrumb\",\"itemListElement\":[{\"@type\":\"ListItem\",\"position\":1,\"name\":\"Start\",\"item\":\"https:\\\/\\\/bilzprodukte.de\\\/index.php\\\/sample-page-2\\\/\"},{\"@type\":\"ListItem\",\"position\":2,\"name\":\"Kontakt\"}]},{\"@type\":\"WebSite\",\"@id\":\"https:\\\/\\\/bilzprodukte.de\\\/#website\",\"url\":\"https:\\\/\\\/bilzprodukte.de\\\/\",\"name\":\"Bilzprodukte\",\"description\":\"Natur als Leitern\",\"potentialAction\":[{\"@type\":\"SearchAction\",\"target\":{\"@type\":\"EntryPoint\",\"urlTemplate\":\"https:\\\/\\\/bilzprodukte.de\\\/?s={search_term_string}\"},\"query-input\":{\"@type\":\"PropertyValueSpecification\",\"valueRequired\":true,\"valueName\":\"search_term_string\"}}],\"inLanguage\":\"de\"}]}<\/script>\n<!-- \/ Yoast SEO plugin. -->","yoast_head_json":{"title":"Kontakt - Bilzprodukte","robots":{"index":"index","follow":"follow","max-snippet":"max-snippet:-1","max-image-preview":"max-image-preview:large","max-video-preview":"max-video-preview:-1"},"canonical":"https:\/\/bilzprodukte.de\/index.php\/kontakt\/","og_locale":"de_DE","og_type":"article","og_title":"Kontakt - Bilzprodukte","og_url":"https:\/\/bilzprodukte.de\/index.php\/kontakt\/","og_site_name":"Bilzprodukte","article_modified_time":"2026-02-04T18:43:27+00:00","twitter_card":"summary_large_image","twitter_misc":{"Gesch\u00e4tzte Lesezeit":"2\u00a0Minuten"},"schema":{"@context":"https:\/\/schema.org","@graph":[{"@type":"WebPage","@id":"https:\/\/bilzprodukte.de\/index.php\/kontakt\/","url":"https:\/\/bilzprodukte.de\/index.php\/kontakt\/","name":"Kontakt - Bilzprodukte","isPartOf":{"@id":"https:\/\/bilzprodukte.de\/#website"},"datePublished":"2014-08-29T02:09:43+00:00","dateModified":"2026-02-04T18:43:27+00:00","breadcrumb":{"@id":"https:\/\/bilzprodukte.de\/index.php\/kontakt\/#breadcrumb"},"inLanguage":"de","potentialAction":[{"@type":"ReadAction","target":["https:\/\/bilzprodukte.de\/index.php\/kontakt\/"]}]},{"@type":"BreadcrumbList","@id":"https:\/\/bilzprodukte.de\/index.php\/kontakt\/#breadcrumb","itemListElement":[{"@type":"ListItem","position":1,"name":"Start","item":"https:\/\/bilzprodukte.de\/index.php\/sample-page-2\/"},{"@type":"ListItem","position":2,"name":"Kontakt"}]},{"@type":"WebSite","@id":"https:\/\/bilzprodukte.de\/#website","url":"https:\/\/bilzprodukte.de\/","name":"Bilzprodukte","description":"Natur als Leitern","potentialAction":[{"@type":"SearchAction","target":{"@type":"EntryPoint","urlTemplate":"https:\/\/bilzprodukte.de\/?s={search_term_string}"},"query-input":{"@type":"PropertyValueSpecification","valueRequired":true,"valueName":"search_term_string"}}],"inLanguage":"de"}]}},"_links":{"self":[{"href":"https:\/\/bilzprodukte.de\/index.php\/wp-json\/wp\/v2\/pages\/35","targetHints":{"allow":["GET"]}}],"collection":[{"href":"https:\/\/bilzprodukte.de\/index.php\/wp-json\/wp\/v2\/pages"}],"about":[{"href":"https:\/\/bilzprodukte.de\/index.php\/wp-json\/wp\/v2\/types\/page"}],"author":[{"embeddable":true,"href":"https:\/\/bilzprodukte.de\/index.php\/wp-json\/wp\/v2\/users\/1"}],"replies":[{"embeddable":true,"href":"https:\/\/bilzprodukte.de\/index.php\/wp-json\/wp\/v2\/comments?post=35"}],"version-history":[{"count":0,"href":"https:\/\/bilzprodukte.de\/index.php\/wp-json\/wp\/v2\/pages\/35\/revisions"}],"wp:attachment":[{"href":"https:\/\/bilzprodukte.de\/index.php\/wp-json\/wp\/v2\/media?parent=35"}],"curies":[{"name":"wp","href":"https:\/\/api.w.org\/{rel}","templated":true}]}}